{"id":8858,"date":"2016-02-12T10:27:07","date_gmt":"2016-02-12T10:27:07","guid":{"rendered":"http:\/\/www.mallorcarealtors.com\/?page_id=8858"},"modified":"2024-05-07T08:50:09","modified_gmt":"2024-05-07T08:50:09","slug":"legal-notice-and-data-protection","status":"publish","type":"page","link":"https:\/\/mallorcarealtors.com\/es\/legal-notice-and-data-protection\/","title":{"rendered":"Aviso Legal y Protecci\u00f3n de Datos"},"content":{"rendered":"<p><strong>Aviso Legal<\/strong><\/p>\n<p>En relaci\u00f3n con el Art\u00edculo 10 &#8211; Ley Espa\u00f1ola &#8211; Ley 34\/2002, del 11 de julio, de Servicios de la Sociedad de la Informaci\u00f3n y de Comercio Electr\u00f3nico, informamos que los siguientes sitios web son propiedad de Noem\u00ed Estrada (NIF: 38504789-Y, Pol\u00edgono 10, Parcela 237, Aptdo. Correos 143, 07510 Sineu, Tel\u00e9fono: +34 639 759 532)<\/p>\n<p>Los sitios web registrados son los siguientes: <a href=\"https:\/\/mallorcarealtors.com\/\" target=\"_new\" rel=\"noreferrer noopener\">www.mallorcarealtors.com<\/a>, <a href=\"http:\/\/www.mallorcarealtors.es\/\" target=\"_new\" rel=\"noreferrer noopener\">www.mallorcarealtors.es<\/a>, <a href=\"http:\/\/www.mallorcarealtors.co.uk\/\" target=\"_new\" rel=\"noreferrer noopener\">www.mallorcarealtors.co.uk<\/a>, <a href=\"http:\/\/www.mallorcarealtors.de\/\" target=\"_new\" rel=\"noreferrer noopener\">www.mallorcarealtors.de<\/a><\/p>\n<p><strong>Protecci\u00f3n de Datos<\/strong><\/p>\n<p>Noem\u00ed Estrada garantiza a sus clientes, bajo las leyes de Protecci\u00f3n de Datos establecidas por Espa\u00f1a y reconocidas en la Uni\u00f3n Europea, que la informaci\u00f3n respecto a sus clientes ser\u00e1 tratada con el m\u00e1ximo respeto y confidencialidad. Toda la informaci\u00f3n no ser\u00e1 transmitida a terceros sin el consentimiento del cliente. Toda la informaci\u00f3n obtenida del cliente en relaci\u00f3n con su compra, venta o publicidad de su propiedad ser\u00e1 almacenada y gestionada correctamente en las bases de datos y libros de registro correspondientes.<\/p>\n<p>Bajo las leyes mencionadas, el cliente puede expresar su deseo de acceder, rectificar o eliminar su informaci\u00f3n mediante consentimiento escrito enviado a la direcci\u00f3n postal de Noem\u00ed Estrada o a su correo electr\u00f3nico. (En relaci\u00f3n con la Ley Espa\u00f1ola de Protecci\u00f3n de Datos: la Ley Org\u00e1nica 15\/1999 del 13 de Diciembre, de Protecci\u00f3n de Datos de Car\u00e1cter Personal)<\/p>","protected":false},"excerpt":{"rendered":"<p>Aviso Legal En relaci\u00f3n con el Art\u00edculo 10 &#8211; Ley Espa\u00f1ola &#8211; Ley 34\/2002, del 11 de julio, de Servicios de la Sociedad de la Informaci\u00f3n y de Comercio Electr\u00f3nico, informamos que los siguientes sitios web son propiedad de Noem\u00ed Estrada (NIF: 38504789-Y, Pol\u00edgono 10, Parcela 237, Aptdo. Correos 143, 07510 Sineu, Tel\u00e9fono: +34 639 [&hellip;]<\/p>\n","protected":false},"author":1,"featured_media":0,"parent":0,"menu_order":0,"comment_status":"closed","ping_status":"closed","template":"","meta":{"_acf_changed":false,"_joinchat":[],"footnotes":""},"class_list":["post-8858","page","type-page","status-publish","hentry"],"acf":[],"aioseo_notices":[],"_links":{"self":[{"href":"https:\/\/mallorcarealtors.com\/es\/wp-json\/wp\/v2\/pages\/8858","targetHints":{"allow":["GET"]}}],"collection":[{"href":"https:\/\/mallorcarealtors.com\/es\/wp-json\/wp\/v2\/pages"}],"about":[{"href":"https:\/\/mallorcarealtors.com\/es\/wp-json\/wp\/v2\/types\/page"}],"author":[{"embeddable":true,"href":"https:\/\/mallorcarealtors.com\/es\/wp-json\/wp\/v2\/users\/1"}],"replies":[{"embeddable":true,"href":"https:\/\/mallorcarealtors.com\/es\/wp-json\/wp\/v2\/comments?post=8858"}],"version-history":[{"count":4,"href":"https:\/\/mallorcarealtors.com\/es\/wp-json\/wp\/v2\/pages\/8858\/revisions"}],"predecessor-version":[{"id":15409,"href":"https:\/\/mallorcarealtors.com\/es\/wp-json\/wp\/v2\/pages\/8858\/revisions\/15409"}],"wp:attachment":[{"href":"https:\/\/mallorcarealtors.com\/es\/wp-json\/wp\/v2\/media?parent=8858"}],"curies":[{"name":"wp","href":"https:\/\/api.w.org\/{rel}","templated":true}]}}