{"id":8747,"date":"2016-01-29T09:47:08","date_gmt":"2016-01-29T09:47:08","guid":{"rendered":"http:\/\/www.mallorcarealtors.com\/?page_id=8747"},"modified":"2021-03-01T11:38:37","modified_gmt":"2021-03-01T11:38:37","slug":"home","status":"publish","type":"page","link":"https:\/\/mallorcarealtors.com\/es\/","title":{"rendered":"Inicio"},"content":{"rendered":"<p>Si est\u00e1 buscando una propiedad de alto standing en Mallorca para vivir, de vacaciones o una buena inversi\u00f3n; est\u00e1 en el sitio adecuado. Para los que desean encontrar una lujosa villa, una exclusiva mansi\u00f3n de campo o una parcela frente al mar con vistas espectaculares para construir la casa de sus sue\u00f1os, le ayudaremos a conseguirlo.<br \/>\nMallorca Realtors somos una agencia boutique especializada en propiedades del m\u00e1s alto nivel en la isla de Mallorca. Nuestro objetivo es satisfacer sus peticiones, aconsejar y ofrecer las opciones que cumplan sus expectativas. El equipo de M.R. lo formamos por profesionales con larga experiencia en los negocios que entendemos el valor del tiempo y la importancia de una inversi\u00f3n inmobiliaria. Estamos involucrados desde la selecci\u00f3n, la decisi\u00f3n, las negociaciones y el cierre de las transacciones.<\/p>","protected":false},"excerpt":{"rendered":"<p>Si est\u00e1 buscando una propiedad de alto standing en Mallorca para vivir, de vacaciones o una buena inversi\u00f3n; est\u00e1 en el sitio adecuado. Para los que desean encontrar una lujosa villa, una exclusiva mansi\u00f3n de campo o una parcela frente al mar con vistas espectaculares para construir la casa de sus sue\u00f1os, le ayudaremos a [&hellip;]<\/p>\n","protected":false},"author":1,"featured_media":14217,"parent":0,"menu_order":0,"comment_status":"closed","ping_status":"closed","template":"template-home.php","meta":{"_acf_changed":false,"_joinchat":[],"footnotes":""},"class_list":["post-8747","page","type-page","status-publish","has-post-thumbnail","hentry"],"acf":[],"aioseo_notices":[],"_links":{"self":[{"href":"https:\/\/mallorcarealtors.com\/es\/wp-json\/wp\/v2\/pages\/8747","targetHints":{"allow":["GET"]}}],"collection":[{"href":"https:\/\/mallorcarealtors.com\/es\/wp-json\/wp\/v2\/pages"}],"about":[{"href":"https:\/\/mallorcarealtors.com\/es\/wp-json\/wp\/v2\/types\/page"}],"author":[{"embeddable":true,"href":"https:\/\/mallorcarealtors.com\/es\/wp-json\/wp\/v2\/users\/1"}],"replies":[{"embeddable":true,"href":"https:\/\/mallorcarealtors.com\/es\/wp-json\/wp\/v2\/comments?post=8747"}],"version-history":[{"count":16,"href":"https:\/\/mallorcarealtors.com\/es\/wp-json\/wp\/v2\/pages\/8747\/revisions"}],"predecessor-version":[{"id":14303,"href":"https:\/\/mallorcarealtors.com\/es\/wp-json\/wp\/v2\/pages\/8747\/revisions\/14303"}],"wp:featuredmedia":[{"embeddable":true,"href":"https:\/\/mallorcarealtors.com\/es\/wp-json\/wp\/v2\/media\/14217"}],"wp:attachment":[{"href":"https:\/\/mallorcarealtors.com\/es\/wp-json\/wp\/v2\/media?parent=8747"}],"curies":[{"name":"wp","href":"https:\/\/api.w.org\/{rel}","templated":true}]}}