{"id":769,"date":"2010-05-11T10:03:29","date_gmt":"2010-05-11T09:03:29","guid":{"rendered":"http:\/\/?page_id=769"},"modified":"2023-03-09T16:33:59","modified_gmt":"2023-03-09T16:33:59","slug":"selling","status":"publish","type":"page","link":"https:\/\/mallorcarealtors.com\/es\/selling\/","title":{"rendered":"Vender"},"content":{"rendered":"<p><\/p>\n<p style=\"text-align: justify;\">Si desea vender su <b>propiedad<\/b>, podemos hacerle una correcta valoraci\u00f3n, visitaremos su <b>propiedad<\/b>, y realizaremos un extenso reportaje gr\u00e1fico. Bajo su autorizaci\u00f3n, haremos publicidad de su <b>propiedad<\/b> en nuestra p\u00e1gina web y en los sites de nuestros asociados. Le daremos visibilidad en importantes sites de Agencias Inmobiliarias Internacionales. Nuestra red de potenciales compradores estar\u00e1n informados a trav\u00e9s de la Publicaci\u00f3n Mensual de <b>Mallorca Realtors<\/b>. Tambi\u00e9n publicamos algunas propiedades en importantes listas <b>inmobiliarias de lujo<\/b> internacionales.<\/p>\n<p style=\"text-align: justify;\">Contacte con nosotros, sin ning\u00fan compromiso, en <a href=\"mailto:info@mallorcarealtors.com\">info@mallorcarealtors.com<\/a>. Trataremos su petici\u00f3n y su <b>propiedad<\/b> con la m\u00e1xima discreci\u00f3n.<\/p>\n<p><\/p>","protected":false},"excerpt":{"rendered":"<p>Si desea vender su propiedad, podemos hacerle una correcta valoraci\u00f3n, visitaremos su propiedad, y realizaremos un extenso reportaje gr\u00e1fico. Bajo su autorizaci\u00f3n, haremos publicidad de su propiedad en nuestra p\u00e1gina web y en los sites de nuestros asociados. Le daremos visibilidad en importantes sites de Agencias Inmobiliarias Internacionales. Nuestra red de potenciales compradores estar\u00e1n informados [&hellip;]<\/p>\n","protected":false},"author":1,"featured_media":15205,"parent":0,"menu_order":0,"comment_status":"closed","ping_status":"open","template":"","meta":{"_acf_changed":false,"_joinchat":[],"footnotes":""},"class_list":["post-769","page","type-page","status-publish","has-post-thumbnail","hentry"],"acf":[],"aioseo_notices":[],"_links":{"self":[{"href":"https:\/\/mallorcarealtors.com\/es\/wp-json\/wp\/v2\/pages\/769","targetHints":{"allow":["GET"]}}],"collection":[{"href":"https:\/\/mallorcarealtors.com\/es\/wp-json\/wp\/v2\/pages"}],"about":[{"href":"https:\/\/mallorcarealtors.com\/es\/wp-json\/wp\/v2\/types\/page"}],"author":[{"embeddable":true,"href":"https:\/\/mallorcarealtors.com\/es\/wp-json\/wp\/v2\/users\/1"}],"replies":[{"embeddable":true,"href":"https:\/\/mallorcarealtors.com\/es\/wp-json\/wp\/v2\/comments?post=769"}],"version-history":[{"count":13,"href":"https:\/\/mallorcarealtors.com\/es\/wp-json\/wp\/v2\/pages\/769\/revisions"}],"predecessor-version":[{"id":15210,"href":"https:\/\/mallorcarealtors.com\/es\/wp-json\/wp\/v2\/pages\/769\/revisions\/15210"}],"wp:featuredmedia":[{"embeddable":true,"href":"https:\/\/mallorcarealtors.com\/es\/wp-json\/wp\/v2\/media\/15205"}],"wp:attachment":[{"href":"https:\/\/mallorcarealtors.com\/es\/wp-json\/wp\/v2\/media?parent=769"}],"curies":[{"name":"wp","href":"https:\/\/api.w.org\/{rel}","templated":true}]}}