{"id":719,"date":"2010-05-05T08:55:56","date_gmt":"2010-05-05T07:55:56","guid":{"rendered":"http:\/\/?page_id=719"},"modified":"2010-05-05T08:55:56","modified_gmt":"2010-05-05T07:55:56","slug":"privacy-policy","status":"publish","type":"page","link":"https:\/\/mallorcarealtors.com\/es\/privacy-policy\/","title":{"rendered":"Legal Notice and Data Protection"},"content":{"rendered":"<p><strong><span style=\"text-decoration: underline;\">Aviso Legal y direcci\u00f3n:<\/span><\/strong><\/p>\n<p>En cumplimiento de lo dispuesto en el art\u00edculo 10 de la Ley 34\/2002, del 11 de julio, de Servicios de la Sociedad de la Informaci\u00f3n y Comercio Electr\u00f3nico, se informa que www.mallorcarealtors.com, www.mallorcarealtors.es, www.mallorcarealtors.co.uk, www.mallorcarealtors.de, www.mallorcarealtors.ru son dominios propiedad de la empresa Mallorca Realtors Exclusive Properties S.L., con domicilio social en Pol\u00edgono 10, Parcela 237, Aptdo. Correos 143, 07510 Sineu, Tel\u00e9fonos: +34 971 940 992 y +34 639 759 532.<\/p>\n<p>La sociedad MR Mallorca Realtors Exclusive Properties S.L.U. con el CIF: B-57681041, figura inscrita en el Registro Mercantil de Palma de Mallorca, tomo 2439, folio 14, hoja PM-66487 inscripci\u00f3n 1.<\/p>\n<p><strong><span style=\"text-decoration: underline;\">Pol\u00edtica de \u00a0Privacidad:<\/span><\/strong><\/p>\n<p><strong>Seguridad y Confidencialidad de datos:<\/strong> MR Mallorca Realtors Exclusive Properties garantiza la seguridad y confidencialidad de los datos facilitados. Los datos proporcionados ser\u00e1n incorporados a un fichero con el fin de facilitar la tramitaci\u00f3n de la informaci\u00f3n y enviarle ofertas comerciales en el futuro sobre propiedades y servicios que puedan resultar de su inter\u00e9s. En cumplimiento de lo dispuesto en la Ley Org\u00e1nica 15\/1999 del 13 de Diciembre, de Protecci\u00f3n de Datos de Car\u00e1cter Personal, como cliente de MR Mallorca Realtors Exclusive Properties, podr\u00e1 en todo momento ejercitar los derechos de acceso, rectificaci\u00f3n, cancelaci\u00f3n y oposici\u00f3n, comunic\u00e1ndolo por escrito a MR Mallorca Realtors Exclusive Properties, o a trav\u00e9s de nuestra direcci\u00f3n de correo electr\u00f3nico: <a href=\"mailto:info@mallorcarealtors.com\">info@mallorcarealtors.com<\/a><\/p>\n<p><strong><span style=\"text-decoration: underline;\"><br \/>\n<\/span><\/strong><\/p>","protected":false},"excerpt":{"rendered":"<p>Aviso Legal y direcci\u00f3n: En cumplimiento de lo dispuesto en el art\u00edculo 10 de la Ley 34\/2002, del 11 de julio, de Servicios de la Sociedad de la Informaci\u00f3n y Comercio Electr\u00f3nico, se informa que www.mallorcarealtors.com, www.mallorcarealtors.es, www.mallorcarealtors.co.uk, www.mallorcarealtors.de, www.mallorcarealtors.ru son dominios propiedad de la empresa Mallorca Realtors Exclusive Properties S.L., con domicilio social en [&hellip;]<\/p>\n","protected":false},"author":1,"featured_media":0,"parent":0,"menu_order":0,"comment_status":"open","ping_status":"open","template":"","meta":{"_acf_changed":false,"_joinchat":[],"footnotes":""},"class_list":["post-719","page","type-page","status-publish","hentry"],"acf":[],"aioseo_notices":[],"_links":{"self":[{"href":"https:\/\/mallorcarealtors.com\/es\/wp-json\/wp\/v2\/pages\/719","targetHints":{"allow":["GET"]}}],"collection":[{"href":"https:\/\/mallorcarealtors.com\/es\/wp-json\/wp\/v2\/pages"}],"about":[{"href":"https:\/\/mallorcarealtors.com\/es\/wp-json\/wp\/v2\/types\/page"}],"author":[{"embeddable":true,"href":"https:\/\/mallorcarealtors.com\/es\/wp-json\/wp\/v2\/users\/1"}],"replies":[{"embeddable":true,"href":"https:\/\/mallorcarealtors.com\/es\/wp-json\/wp\/v2\/comments?post=719"}],"version-history":[{"count":0,"href":"https:\/\/mallorcarealtors.com\/es\/wp-json\/wp\/v2\/pages\/719\/revisions"}],"wp:attachment":[{"href":"https:\/\/mallorcarealtors.com\/es\/wp-json\/wp\/v2\/media?parent=719"}],"curies":[{"name":"wp","href":"https:\/\/api.w.org\/{rel}","templated":true}]}}