{"id":665,"date":"2010-04-28T17:26:07","date_gmt":"2010-04-28T17:26:07","guid":{"rendered":"http:\/\/?page_id=665"},"modified":"2023-03-09T16:34:58","modified_gmt":"2023-03-09T16:34:58","slug":"contact","status":"publish","type":"page","link":"https:\/\/mallorcarealtors.com\/es\/contact\/","title":{"rendered":"Contacto"},"content":{"rendered":"<p><\/p>\n<div class=\"mr-contact-info medium-6 columns\">\n<p>Si desea m\u00e1s informaci\u00f3n sobre algunas de las <strong>propiedades<\/strong> o si busca algo que no ha encontrado en la web, p\u00f3ngase en contacto con nosotros y ampliaremos nuestra b\u00fasqueda para usted. <a href=\"mailto:info@mallorcarealtors.com\">info@mallorcarealtors.com<\/a><\/p>\n<p>Telefono: +34 639 75 95 32<\/p>\n<p>Direcci\u00f3n: Pol\u00edgono 10, Parcela 237, \u00a0Aptdo. Correos 143, 07510 Sineu, Mallorca<\/p>\n<p>Carretera Sineu-LLub\u00ed Km. 2,9<\/p>\n<\/div>\n<div class=\"mr-contact-form medium-6 columns\">\n<div class=\"wpcf7 no-js\" id=\"wpcf7-f10566-o1\" lang=\"es-ES\" dir=\"ltr\" data-wpcf7-id=\"10566\">\n<div class=\"screen-reader-response\"><p role=\"status\" aria-live=\"polite\" aria-atomic=\"true\"><\/p> <ul><\/ul><\/div>\n<form action=\"\/es\/wp-json\/wp\/v2\/pages\/665#wpcf7-f10566-o1\" method=\"post\" class=\"wpcf7-form init\" aria-label=\"Formulario de contacto\" novalidate=\"novalidate\" data-status=\"init\">\n<fieldset class=\"hidden-fields-container\"><input type=\"hidden\" name=\"_wpcf7\" value=\"10566\" \/><input type=\"hidden\" name=\"_wpcf7_version\" value=\"6.1.5\" \/><input type=\"hidden\" name=\"_wpcf7_locale\" value=\"es_ES\" \/><input type=\"hidden\" name=\"_wpcf7_unit_tag\" value=\"wpcf7-f10566-o1\" \/><input type=\"hidden\" name=\"_wpcf7_container_post\" value=\"0\" \/><input type=\"hidden\" name=\"_wpcf7_posted_data_hash\" value=\"\" \/><input type=\"hidden\" name=\"_wpcf7_recaptcha_response\" value=\"\" \/>\n<\/fieldset>\n<p><span class=\"wpcf7-form-control-wrap\" data-name=\"your-name\"><input size=\"40\" maxlength=\"400\" class=\"wpcf7-form-control wpcf7-text wpcf7-validates-as-required\" aria-required=\"true\" aria-invalid=\"false\" placeholder=\"Nombre (requerido)\" value=\"\" type=\"text\" name=\"your-name\" \/><\/span>\n<\/p>\n<p><span class=\"wpcf7-form-control-wrap\" data-name=\"your-email\"><input size=\"40\" maxlength=\"400\" class=\"wpcf7-form-control wpcf7-email wpcf7-validates-as-required wpcf7-text wpcf7-validates-as-email\" aria-required=\"true\" aria-invalid=\"false\" placeholder=\"Correo electr\u00f3nico (requerido)\" value=\"\" type=\"email\" name=\"your-email\" \/><\/span>\n<\/p>\n<p><span class=\"wpcf7-form-control-wrap\" data-name=\"your-subject\"><input size=\"40\" maxlength=\"400\" class=\"wpcf7-form-control wpcf7-text\" aria-invalid=\"false\" placeholder=\"Asunto\" value=\"\" type=\"text\" name=\"your-subject\" \/><\/span>\n<\/p>\n<p><span class=\"wpcf7-form-control-wrap\" data-name=\"your-message\"><textarea cols=\"40\" rows=\"10\" maxlength=\"2000\" class=\"wpcf7-form-control wpcf7-textarea\" aria-invalid=\"false\" placeholder=\"Mensaje\" name=\"your-message\"><\/textarea><\/span>\n<\/p>\n<p><input class=\"wpcf7-form-control wpcf7-submit has-spinner\" type=\"submit\" value=\"Enviar\" \/>\n<\/p>\n<div class=\"wpcf7-response-output\" aria-hidden=\"true\"><\/div>\n<\/form>\n<\/div>\n<\/div>\n<p><\/p>","protected":false},"excerpt":{"rendered":"<p>Si desea m\u00e1s informaci\u00f3n sobre algunas de las propiedades o si busca algo que no ha encontrado en la web, p\u00f3ngase en contacto con nosotros y ampliaremos nuestra b\u00fasqueda para usted. info@mallorcarealtors.com Telefono: +34 639 75 95 32 Direcci\u00f3n: Pol\u00edgono 10, Parcela 237, \u00a0Aptdo. Correos 143, 07510 Sineu, Mallorca Carretera Sineu-LLub\u00ed Km. 2,9<\/p>\n","protected":false},"author":1,"featured_media":15207,"parent":0,"menu_order":0,"comment_status":"open","ping_status":"closed","template":"template-contact.php","meta":{"_acf_changed":false,"_joinchat":[],"footnotes":""},"class_list":["post-665","page","type-page","status-publish","has-post-thumbnail","hentry"],"acf":[],"aioseo_notices":[],"_links":{"self":[{"href":"https:\/\/mallorcarealtors.com\/es\/wp-json\/wp\/v2\/pages\/665","targetHints":{"allow":["GET"]}}],"collection":[{"href":"https:\/\/mallorcarealtors.com\/es\/wp-json\/wp\/v2\/pages"}],"about":[{"href":"https:\/\/mallorcarealtors.com\/es\/wp-json\/wp\/v2\/types\/page"}],"author":[{"embeddable":true,"href":"https:\/\/mallorcarealtors.com\/es\/wp-json\/wp\/v2\/users\/1"}],"replies":[{"embeddable":true,"href":"https:\/\/mallorcarealtors.com\/es\/wp-json\/wp\/v2\/comments?post=665"}],"version-history":[{"count":20,"href":"https:\/\/mallorcarealtors.com\/es\/wp-json\/wp\/v2\/pages\/665\/revisions"}],"predecessor-version":[{"id":14085,"href":"https:\/\/mallorcarealtors.com\/es\/wp-json\/wp\/v2\/pages\/665\/revisions\/14085"}],"wp:featuredmedia":[{"embeddable":true,"href":"https:\/\/mallorcarealtors.com\/es\/wp-json\/wp\/v2\/media\/15207"}],"wp:attachment":[{"href":"https:\/\/mallorcarealtors.com\/es\/wp-json\/wp\/v2\/media?parent=665"}],"curies":[{"name":"wp","href":"https:\/\/api.w.org\/{rel}","templated":true}]}}