{"id":663,"date":"2010-04-28T17:25:03","date_gmt":"2010-04-28T16:25:03","guid":{"rendered":"http:\/\/?page_id=663"},"modified":"2023-03-09T16:53:21","modified_gmt":"2023-03-09T16:53:21","slug":"about-us","status":"publish","type":"page","link":"https:\/\/mallorcarealtors.com\/es\/about-us\/","title":{"rendered":"Sobre Nosotros"},"content":{"rendered":"<p><\/p>\n<p style=\"text-align: justify;\"><b><img loading=\"lazy\" decoding=\"async\" class=\"size-thumbnail wp-image-12993 alignleft\" src=\"https:\/\/mallorcarealtors.com\/wp-content\/uploads\/2019\/03\/about-us-300x300.jpg\" alt=\"\" width=\"300\" height=\"300\" srcset=\"https:\/\/mallorcarealtors.com\/wp-content\/uploads\/2019\/03\/about-us-300x300.jpg 300w, https:\/\/mallorcarealtors.com\/wp-content\/uploads\/2019\/03\/about-us-400x400.jpg 400w\" sizes=\"auto, (max-width: 300px) 100vw, 300px\" \/>Negocios, Inmobiliaria de lujo y Pasi\u00f3n por Mallorca<\/b><\/p>\n<p style=\"text-align: justify;\">Noem\u00ed Estrada es la fundadora, accionista principal y directora de <b>Mallorca Realtors<\/b>. Tras graduarse en Direcci\u00f3n y Administraci\u00f3n de Empresas en la Universidad de Barcelona, Noem\u00ed trabaj\u00f3 en su propia compa\u00f1\u00eda durante 15 a\u00f1os; un negocio familiar que hizo crecer con \u00e9xito y finalmente vendi\u00f3. En ese momento, decidi\u00f3 volcarse en su mayor pasi\u00f3n: el negocio inmobiliario de lujo.<\/p>\n<p style=\"text-align: justify;\">Mientras Noem\u00ed curs\u00f3 un postgrado de Gesti\u00f3n Inmobiliaria en la Universidad Ram\u00f3n Llull de Barcelona entr\u00f3 a formar parte del equipo profesional de John Taylor, una agencia inmobiliaria internacional especializada en <b>propiedades de lujo<\/b>, donde tras un breve periodo de tiempo se convirti\u00f3 en la \u00ableading sales people\u00bb de Barcelona.<\/p>\n<p style=\"text-align: justify;\">Su amor por <b>Mallorca<\/b> le ha llevado a fijar su residencia en una finca r\u00fastica en el centro de la isla.<\/p>\n<p style=\"text-align: justify;\"><b>Mallorca Realtors<\/b> tiene su oficina en Sineu, un pueblo encantador con mucha historia, que junto a su famoso mercado se ha convertido en una atracci\u00f3n para residentes y turistas.<\/p>\n<p style=\"text-align: justify;\"><b>El equipo, asociados, consultores.<\/b><\/p>\n<p style=\"text-align: justify;\">Los miembros del equipo de <b>Mallorca Realtors<\/b> son profesionales que acumulan larga experiencia en negocios y comparten la misma pasi\u00f3n por la isla y por el mercado inmobiliario.\u00a0Hablan espa\u00f1ol, ingl\u00e9s, alem\u00e1n, franc\u00e9s e italiano y conocen <b>Mallorca<\/b>.\u00a0M.R. tiene asociaciones con importantes agencias alrededor del mundo: <a href=\"\/es\" target=\"_blank\" rel=\"noopener noreferrer\">Espa\u00f1a<\/a>, <a href=\"\/de\" target=\"_blank\" rel=\"noopener noreferrer\">Alemania<\/a>, Italia, Austria, <a href=\"\/en\" target=\"_blank\" rel=\"noopener noreferrer\">Reino Unido<\/a> y <a href=\"\/ru\" target=\"_blank\" rel=\"noopener noreferrer\">Rusia<\/a>.<\/p>\n<p style=\"text-align: justify;\">M.R. puede proporcionarle una red selecta de profesionales de gran ayuda: abogados, tasadores, arquitectos, decoradores , paisajistas, iluminaci\u00f3n, constructores; as\u00ed como expertos en instalaciones de agua, el\u00e9ctricas, jardineros, etc.<\/p>\n<p style=\"text-align: justify;\">Ll\u00e1menos o escribanos un email y estaremos encantados de ayudarle.<\/p>\n<p><\/p>","protected":false},"excerpt":{"rendered":"<p>Negocios, Inmobiliaria de lujo y Pasi\u00f3n por Mallorca Noem\u00ed Estrada es la fundadora, accionista principal y directora de Mallorca Realtors. Tras graduarse en Direcci\u00f3n y Administraci\u00f3n de Empresas en la Universidad de Barcelona, Noem\u00ed trabaj\u00f3 en su propia compa\u00f1\u00eda durante 15 a\u00f1os; un negocio familiar que hizo crecer con \u00e9xito y finalmente vendi\u00f3. En ese [&hellip;]<\/p>\n","protected":false},"author":1,"featured_media":0,"parent":0,"menu_order":0,"comment_status":"open","ping_status":"open","template":"template-about-us.php","meta":{"_acf_changed":false,"_joinchat":[],"footnotes":""},"class_list":["post-663","page","type-page","status-publish","hentry"],"acf":[],"aioseo_notices":[],"_links":{"self":[{"href":"https:\/\/mallorcarealtors.com\/es\/wp-json\/wp\/v2\/pages\/663","targetHints":{"allow":["GET"]}}],"collection":[{"href":"https:\/\/mallorcarealtors.com\/es\/wp-json\/wp\/v2\/pages"}],"about":[{"href":"https:\/\/mallorcarealtors.com\/es\/wp-json\/wp\/v2\/types\/page"}],"author":[{"embeddable":true,"href":"https:\/\/mallorcarealtors.com\/es\/wp-json\/wp\/v2\/users\/1"}],"replies":[{"embeddable":true,"href":"https:\/\/mallorcarealtors.com\/es\/wp-json\/wp\/v2\/comments?post=663"}],"version-history":[{"count":29,"href":"https:\/\/mallorcarealtors.com\/es\/wp-json\/wp\/v2\/pages\/663\/revisions"}],"predecessor-version":[{"id":15213,"href":"https:\/\/mallorcarealtors.com\/es\/wp-json\/wp\/v2\/pages\/663\/revisions\/15213"}],"wp:attachment":[{"href":"https:\/\/mallorcarealtors.com\/es\/wp-json\/wp\/v2\/media?parent=663"}],"curies":[{"name":"wp","href":"https:\/\/api.w.org\/{rel}","templated":true}]}}