{"id":11716,"date":"2017-01-18T14:14:26","date_gmt":"2017-01-18T14:14:26","guid":{"rendered":"http:\/\/www.mallorcarealtors.com\/?page_id=11716"},"modified":"2023-04-19T12:00:53","modified_gmt":"2023-04-19T12:00:53","slug":"financing-your-property","status":"publish","type":"page","link":"https:\/\/mallorcarealtors.com\/es\/financing-your-property\/","title":{"rendered":"Financiaci\u00f3n de su propiedad"},"content":{"rendered":"<p>En el mercado hipotecario hay muchas ofertas y en algunos casos es dif\u00edcil como y donde escoger la que mas nos conviene. Hacer una buena elecci\u00f3n ser\u00e1 crucial para nuestro futuro financiero. El mercado es cambiante en las f\u00f3rmulas y en los tipos de inter\u00e9s.<\/p>\n<p><img loading=\"lazy\" decoding=\"async\" class=\"aligncenter wp-image-11728 size-full\" src=\"https:\/\/mallorcarealtors.com\/wp-content\/uploads\/2017\/01\/iStock-466066885.jpeg\" alt=\"iStock-466066885\" width=\"640\" height=\"427\" srcset=\"https:\/\/mallorcarealtors.com\/wp-content\/uploads\/2017\/01\/iStock-466066885.jpeg 640w, https:\/\/mallorcarealtors.com\/wp-content\/uploads\/2017\/01\/iStock-466066885-375x250.jpeg 375w\" sizes=\"auto, (max-width: 640px) 100vw, 640px\" \/><\/p>\n<p>&nbsp;<\/p>\n<h3>Mortgage Direct<\/h3>\n<p>Mallorca Realtors colabora con Mortgage Direct, un agente hipotecario independiente con muchos a\u00f1os de experiencia en contacto con las principales entidades financieras espa\u00f1olas y extranjeras. Un equipo cualificado que puede comunicar en varios idiomas. Sus socios y directores: Katherine Walkadine y Kevin Monger son dos reputados agentes que le podr\u00e1n aconsejar la mejor opci\u00f3n para usted. Ellos podr\u00e1n hacerle una oferta personalizada y exclusiva que se adapte a sus necesidades en 48 horas.<\/p>\n<p>Si quiere m\u00e1s informaci\u00f3n, <strong><a href=\"https:\/\/mortgagedirectsl.com\/noemie\/30\" target=\"_blank\" rel=\"noopener\">visite el sitio web de Mortgage Direct <\/a><\/strong>\u00a0o llame al+34 963 15 60 11.<\/p>","protected":false},"excerpt":{"rendered":"<p>En el mercado hipotecario hay muchas ofertas y en algunos casos es dif\u00edcil como y donde escoger la que mas nos conviene. Hacer una buena elecci\u00f3n ser\u00e1 crucial para nuestro futuro financiero. El mercado es cambiante en las f\u00f3rmulas y en los tipos de inter\u00e9s. &nbsp; Mortgage Direct Mallorca Realtors colabora con Mortgage Direct, un [&hellip;]<\/p>\n","protected":false},"author":1,"featured_media":15273,"parent":0,"menu_order":0,"comment_status":"closed","ping_status":"closed","template":"","meta":{"_acf_changed":false,"_joinchat":[],"footnotes":""},"class_list":["post-11716","page","type-page","status-publish","has-post-thumbnail","hentry"],"acf":[],"aioseo_notices":[],"_links":{"self":[{"href":"https:\/\/mallorcarealtors.com\/es\/wp-json\/wp\/v2\/pages\/11716","targetHints":{"allow":["GET"]}}],"collection":[{"href":"https:\/\/mallorcarealtors.com\/es\/wp-json\/wp\/v2\/pages"}],"about":[{"href":"https:\/\/mallorcarealtors.com\/es\/wp-json\/wp\/v2\/types\/page"}],"author":[{"embeddable":true,"href":"https:\/\/mallorcarealtors.com\/es\/wp-json\/wp\/v2\/users\/1"}],"replies":[{"embeddable":true,"href":"https:\/\/mallorcarealtors.com\/es\/wp-json\/wp\/v2\/comments?post=11716"}],"version-history":[{"count":16,"href":"https:\/\/mallorcarealtors.com\/es\/wp-json\/wp\/v2\/pages\/11716\/revisions"}],"predecessor-version":[{"id":15209,"href":"https:\/\/mallorcarealtors.com\/es\/wp-json\/wp\/v2\/pages\/11716\/revisions\/15209"}],"wp:featuredmedia":[{"embeddable":true,"href":"https:\/\/mallorcarealtors.com\/es\/wp-json\/wp\/v2\/media\/15273"}],"wp:attachment":[{"href":"https:\/\/mallorcarealtors.com\/es\/wp-json\/wp\/v2\/media?parent=11716"}],"curies":[{"name":"wp","href":"https:\/\/api.w.org\/{rel}","templated":true}]}}