{"id":8858,"date":"2016-02-12T10:27:07","date_gmt":"2016-02-12T10:27:07","guid":{"rendered":"http:\/\/www.mallorcarealtors.com\/?page_id=8858"},"modified":"2024-05-07T08:50:09","modified_gmt":"2024-05-07T08:50:09","slug":"legal-notice-and-data-protection","status":"publish","type":"page","link":"https:\/\/mallorcarealtors.com\/de\/legal-notice-and-data-protection\/","title":{"rendered":"Rechtliche Hinweise und Datenschutz"},"content":{"rendered":"<p><strong>Rechtlicher Hinweis<\/strong><\/p>\n<p>In Bezug auf Artikel 10 \u2013 Spanisches Gesetz &#8211; Ley 34\/2002 vom 11. Juli \u00fcber Dienste der Informationsgesellschaft und elektronischen Handel informieren wir, dass die folgenden Websites Eigentum des in Spanien eingetragenen Unternehmens Noem\u00ed Estrada sind (NIF: 38504789-Y, Pol\u00edgono 10, Parcela 237, Aptdo. Correos 143, 07510 Sineu, Telefonnum: +34 639 759 532).<\/p>\n<p>Die registrierten Websites sind die folgenden: <a href=\"https:\/\/mallorcarealtors.com\/\" target=\"_new\" rel=\"noreferrer noopener\">www.mallorcarealtors.com<\/a>, <a href=\"http:\/\/www.mallorcarealtors.es\/\" target=\"_new\" rel=\"noreferrer noopener\">www.mallorcarealtors.es<\/a>, <a href=\"http:\/\/www.mallorcarealtors.co.uk\/\" target=\"_new\" rel=\"noreferrer noopener\">www.mallorcarealtors.co.uk<\/a>, <a href=\"http:\/\/www.mallorcarealtors.de\/\" target=\"_new\" rel=\"noreferrer noopener\">www.mallorcarealtors.de<\/a><\/p>\n<p><strong>Datenschutz<\/strong><\/p>\n<p>Noem\u00ed Estrada garantiert seinen Kunden gem\u00e4\u00df den von Spanien festgelegten und in der Europ\u00e4ischen Union anerkannten Datenschutzgesetzen, dass die Informationen \u00fcber ihre Kunden mit gr\u00f6\u00dftem Respekt und Vertraulichkeit behandelt werden. Alle Informationen werden ohne Zustimmung des Kunden nicht an Dritte weitergegeben. Alle vom Kunden im Zusammenhang mit ihrem Kauf, Verkauf oder der Werbung f\u00fcr ihre Immobilie erhaltenen Informationen werden korrekt in den entsprechenden Datenbanken und Logb\u00fcchern gespeichert und verwaltet.<\/p>\n<p>Gem\u00e4\u00df den genannten Gesetzen kann der Kunde seinen Wunsch \u00e4u\u00dfern, auf seine Daten zuzugreifen, sie zu berichtigen oder zu l\u00f6schen, indem er seine schriftliche Zustimmung an die Postadresse von Noem\u00ed Estrada oder deren E-Mail sendet. (Im Zusammenhang mit dem spanischen Datenschutzgesetz: Ley Org\u00e1nica 15\/1999 vom 13. Dezember zum Schutz personenbezogener Daten)<\/p>","protected":false},"excerpt":{"rendered":"<p>Rechtlicher Hinweis In Bezug auf Artikel 10 \u2013 Spanisches Gesetz &#8211; Ley 34\/2002 vom 11. Juli \u00fcber Dienste der Informationsgesellschaft und elektronischen Handel informieren wir, dass die folgenden Websites Eigentum des in Spanien eingetragenen Unternehmens Noem\u00ed Estrada sind (NIF: 38504789-Y, Pol\u00edgono 10, Parcela 237, Aptdo. Correos 143, 07510 Sineu, Telefonnum: +34 639 759 532). Die [&hellip;]<\/p>\n","protected":false},"author":1,"featured_media":0,"parent":0,"menu_order":0,"comment_status":"closed","ping_status":"closed","template":"","meta":{"_acf_changed":false,"_joinchat":[],"footnotes":""},"class_list":["post-8858","page","type-page","status-publish","hentry"],"acf":[],"aioseo_notices":[],"_links":{"self":[{"href":"https:\/\/mallorcarealtors.com\/de\/wp-json\/wp\/v2\/pages\/8858","targetHints":{"allow":["GET"]}}],"collection":[{"href":"https:\/\/mallorcarealtors.com\/de\/wp-json\/wp\/v2\/pages"}],"about":[{"href":"https:\/\/mallorcarealtors.com\/de\/wp-json\/wp\/v2\/types\/page"}],"author":[{"embeddable":true,"href":"https:\/\/mallorcarealtors.com\/de\/wp-json\/wp\/v2\/users\/1"}],"replies":[{"embeddable":true,"href":"https:\/\/mallorcarealtors.com\/de\/wp-json\/wp\/v2\/comments?post=8858"}],"version-history":[{"count":4,"href":"https:\/\/mallorcarealtors.com\/de\/wp-json\/wp\/v2\/pages\/8858\/revisions"}],"predecessor-version":[{"id":15409,"href":"https:\/\/mallorcarealtors.com\/de\/wp-json\/wp\/v2\/pages\/8858\/revisions\/15409"}],"wp:attachment":[{"href":"https:\/\/mallorcarealtors.com\/de\/wp-json\/wp\/v2\/media?parent=8858"}],"curies":[{"name":"wp","href":"https:\/\/api.w.org\/{rel}","templated":true}]}}