{"id":8747,"date":"2016-01-29T09:47:08","date_gmt":"2016-01-29T09:47:08","guid":{"rendered":"http:\/\/www.mallorcarealtors.com\/?page_id=8747"},"modified":"2021-03-01T11:38:37","modified_gmt":"2021-03-01T11:38:37","slug":"home","status":"publish","type":"page","link":"https:\/\/mallorcarealtors.com\/de\/","title":{"rendered":"Home"},"content":{"rendered":"<p>Wenn Sie eine Luxusimmobilie auf Mallorca zum Wohnen, f\u00fcr den Urlaub, oder als gute Kapitalanlage suchen: hier sind Sie auf der richtigen Seite. Wir unterst\u00fctzen Sie bei der Suche nach Ihrem Traumhaus: sei es eine Luxusvilla, eine exklusive Finca oder ein Herrenhaus auf dem Land oder ein Grundst\u00fcck mit Meerblick in bester Lage, auf dem Sie nach Ihren Vorstellungen bauen k\u00f6nnen.<br \/>\nMallorca Realtors ist ein Immobilienmakler, spezialisiert auf Immobilien allerh\u00f6chsten Anspruchs. Unser Ziel ist, Ihnen besten Service und Beratung und damit die Optionen zu bieten, die Sie zur Erf\u00fcllung Ihrer W\u00fcnsche und Vorstellungen f\u00fchren. Unsere Teammitglieder bei M.R. sind selbst Vollblutunternehmer mit jahrelanger Erfahrung, die wissen, worauf es Ihnen bei Ihrer Zeitplanung und Investitionen ankommt. Wir k\u00f6nnen Ihnen das volle Servicepaket bieten, in dem von der Auswahl der Immobilie, der Entscheidungsfindung, den Verhandlungen und der Transaktion alles drinsteckt.<\/p>","protected":false},"excerpt":{"rendered":"<p>Wenn Sie eine Luxusimmobilie auf Mallorca zum Wohnen, f\u00fcr den Urlaub, oder als gute Kapitalanlage suchen: hier sind Sie auf der richtigen Seite. Wir unterst\u00fctzen Sie bei der Suche nach Ihrem Traumhaus: sei es eine Luxusvilla, eine exklusive Finca oder ein Herrenhaus auf dem Land oder ein Grundst\u00fcck mit Meerblick in bester Lage, auf dem [&hellip;]<\/p>\n","protected":false},"author":1,"featured_media":14217,"parent":0,"menu_order":0,"comment_status":"closed","ping_status":"closed","template":"template-home.php","meta":{"_acf_changed":false,"_joinchat":[],"footnotes":""},"class_list":["post-8747","page","type-page","status-publish","has-post-thumbnail","hentry"],"acf":[],"aioseo_notices":[],"_links":{"self":[{"href":"https:\/\/mallorcarealtors.com\/de\/wp-json\/wp\/v2\/pages\/8747","targetHints":{"allow":["GET"]}}],"collection":[{"href":"https:\/\/mallorcarealtors.com\/de\/wp-json\/wp\/v2\/pages"}],"about":[{"href":"https:\/\/mallorcarealtors.com\/de\/wp-json\/wp\/v2\/types\/page"}],"author":[{"embeddable":true,"href":"https:\/\/mallorcarealtors.com\/de\/wp-json\/wp\/v2\/users\/1"}],"replies":[{"embeddable":true,"href":"https:\/\/mallorcarealtors.com\/de\/wp-json\/wp\/v2\/comments?post=8747"}],"version-history":[{"count":16,"href":"https:\/\/mallorcarealtors.com\/de\/wp-json\/wp\/v2\/pages\/8747\/revisions"}],"predecessor-version":[{"id":14303,"href":"https:\/\/mallorcarealtors.com\/de\/wp-json\/wp\/v2\/pages\/8747\/revisions\/14303"}],"wp:featuredmedia":[{"embeddable":true,"href":"https:\/\/mallorcarealtors.com\/de\/wp-json\/wp\/v2\/media\/14217"}],"wp:attachment":[{"href":"https:\/\/mallorcarealtors.com\/de\/wp-json\/wp\/v2\/media?parent=8747"}],"curies":[{"name":"wp","href":"https:\/\/api.w.org\/{rel}","templated":true}]}}