{"id":719,"date":"2010-05-05T08:55:56","date_gmt":"2010-05-05T07:55:56","guid":{"rendered":"http:\/\/?page_id=719"},"modified":"2010-05-05T08:55:56","modified_gmt":"2010-05-05T07:55:56","slug":"privacy-policy","status":"publish","type":"page","link":"https:\/\/mallorcarealtors.com\/de\/privacy-policy\/","title":{"rendered":"Legal Notice and Data Protection"},"content":{"rendered":"<p><strong><span style=\"text-decoration: underline;\">Impressum &amp; <\/span><\/strong><strong><span style=\"text-decoration: underline;\">Anschrift<\/span><\/strong><strong><span style=\"text-decoration: underline;\">:<\/span><\/strong><\/p>\n<p><span style=\"text-decoration: underline;\"> <\/span><\/p>\n<p>Im Zusammenhang mit Artikel 10 aus dem spanischen Gesetz, La Ley del 11 de julio, de Servicios de la Sociedad de la Informaci\u00f3n y Comercio Electr\u00f3nic\u201c, weisen wir darauf hin, dass die folgendenWebseiten Eigentum der im spanischen Unternehmensregister eingetragenen Gesellschaft Mallorca Realtors Exclusive Properties SL (Pol\u00edgono 10, Parcela 237, Aptdo. Correos 143, 07510 Sineu, Tf. \u00a0: +34 971 940 992 y +34 639 759 532) sind. Alle diese folgenden Webseiten geh\u00f6ren dazu:<\/p>\n<p>www.mallorcarealtors.com, www.mallorcarealtors.es, www.mallorcarealtors.co.uk, www.mallorcarealtors.de, www.mallorcarealtors.ru<\/p>\n<p>Die Gesellschaft MR Mallorca Realtors Exclusive Properties SL ist mit folgender Nummer in Spanien in El Registro Mercantil de Palma de Mallorca, tomo 2439, folio 14, hoja PM-66487 inscripci\u00f3n 1 eingetragen: CIF: B-57681041.<\/p>\n<p><strong><span style=\"text-decoration: underline;\">Datenschutzerkl\u00e4rung:<\/span><\/strong><\/p>\n<p><strong>MR Mallorca Realtors Exclusive Properties SL <\/strong>erkl\u00e4rt seinen Kunden mit Berufung auf die in Spanien geltenden und in der Europ\u00e4ischen Union anerkannten Datenschutzbestimmungen, dass alle ihre Kunden betreffenden Informationen h\u00f6chst vertraulich und respektvoll behandelt werden. Ohne Zustimmung des Kunden ergeht keine einzige Auskunft an Dritte. Alle Informationen des Kunden, verbunden mit dem Kauf, Verkauf oder der Bewerbung seiner Immobilien, werden in angemessener Weise in den entsprechenden Datenverzeichnissen und Akten aufbewahrt und verwaltet.<\/p>\n<p>Gem\u00e4\u00df geltendem Recht kann der Kunde verlangen, in die Daten Einsicht zu nehmen, sie zu berichtigen oder zu l\u00f6schen. Es bedarf dabei der Schriftform, entweder an die Postadresse der MR Mallorca Realtors Exclusive Properties SL oder per Email (Grundlage: Spanisches Datenschutzgesetz &#8211; La Ley Org\u00e1nica 15\/1999 del 13 de Diciembre, de Protecci\u00f3n de Datos de Car\u00e1cter Personal).<\/p>\n<p>&nbsp;<\/p>\n<p><strong><span style=\"text-decoration: underline;\"><br \/>\n<\/span><\/strong><\/p>","protected":false},"excerpt":{"rendered":"<p>Impressum &amp; Anschrift: Im Zusammenhang mit Artikel 10 aus dem spanischen Gesetz, La Ley del 11 de julio, de Servicios de la Sociedad de la Informaci\u00f3n y Comercio Electr\u00f3nic\u201c, weisen wir darauf hin, dass die folgendenWebseiten Eigentum der im spanischen Unternehmensregister eingetragenen Gesellschaft Mallorca Realtors Exclusive Properties SL (Pol\u00edgono 10, Parcela 237, Aptdo. Correos 143, [&hellip;]<\/p>\n","protected":false},"author":1,"featured_media":0,"parent":0,"menu_order":0,"comment_status":"open","ping_status":"open","template":"","meta":{"_acf_changed":false,"_joinchat":[],"footnotes":""},"class_list":["post-719","page","type-page","status-publish","hentry"],"acf":[],"aioseo_notices":[],"_links":{"self":[{"href":"https:\/\/mallorcarealtors.com\/de\/wp-json\/wp\/v2\/pages\/719","targetHints":{"allow":["GET"]}}],"collection":[{"href":"https:\/\/mallorcarealtors.com\/de\/wp-json\/wp\/v2\/pages"}],"about":[{"href":"https:\/\/mallorcarealtors.com\/de\/wp-json\/wp\/v2\/types\/page"}],"author":[{"embeddable":true,"href":"https:\/\/mallorcarealtors.com\/de\/wp-json\/wp\/v2\/users\/1"}],"replies":[{"embeddable":true,"href":"https:\/\/mallorcarealtors.com\/de\/wp-json\/wp\/v2\/comments?post=719"}],"version-history":[{"count":0,"href":"https:\/\/mallorcarealtors.com\/de\/wp-json\/wp\/v2\/pages\/719\/revisions"}],"wp:attachment":[{"href":"https:\/\/mallorcarealtors.com\/de\/wp-json\/wp\/v2\/media?parent=719"}],"curies":[{"name":"wp","href":"https:\/\/api.w.org\/{rel}","templated":true}]}}