{"id":663,"date":"2010-04-28T17:25:03","date_gmt":"2010-04-28T16:25:03","guid":{"rendered":"http:\/\/?page_id=663"},"modified":"2023-03-09T16:53:21","modified_gmt":"2023-03-09T16:53:21","slug":"about-us","status":"publish","type":"page","link":"https:\/\/mallorcarealtors.com\/de\/about-us\/","title":{"rendered":"\u00dcber Uns"},"content":{"rendered":"<p><\/p>\n<p style=\"text-align: justify;\"><b><img loading=\"lazy\" decoding=\"async\" class=\"size-thumbnail wp-image-12993 alignleft\" src=\"https:\/\/mallorcarealtors.com\/wp-content\/uploads\/2019\/03\/about-us-300x300.jpg\" alt=\"\" width=\"300\" height=\"300\" srcset=\"https:\/\/mallorcarealtors.com\/wp-content\/uploads\/2019\/03\/about-us-300x300.jpg 300w, https:\/\/mallorcarealtors.com\/wp-content\/uploads\/2019\/03\/about-us-400x400.jpg 400w\" sizes=\"auto, (max-width: 300px) 100vw, 300px\" \/>Unternehmen, Luxusimmobilien und Liebe zu Mallorca: <\/b><\/p>\n<p style=\"text-align: justify;\">Noemi Estrada ist die Gr\u00fcnderin, Hauptanteilseignerin und Gesch\u00e4ftsf\u00fchrerin von <strong>Mallorca Realtors<\/strong>. Nach dem Studienabschluss in Unternehmensf\u00fchrung und \u2013verwaltung an der Ram\u00f3n-Llull-Universit\u00e4t in Barcelona f\u00fchrte sie 15 Jahre ihre eigene Firma, ein Familienunternehmen, das sie nach erfolgreichem Wachstum schlie\u00dflich verkaufte. In diesem Moment entschied sie sich, im Bereich Exklusivimmobilien unternehmerisch t\u00e4tig zu werden.<\/p>\n<p style=\"text-align: justify;\">Bereits w\u00e4hrend ihres\u00a0 Aufbaustudiums f\u00fcr Immobilienhandel an der Ram\u00f3n-Llull-Universit\u00e4t sammelte sie im Team der internationalen Agentur f\u00fcr Luxusimmobilien John Taylor Erfahrungen. Bereits nach kurzer Zeit wurde sie zur erfolgreichsten Immobilienkauffrau des B\u00fcros in Barcelona.<\/p>\n<p style=\"text-align: justify;\">Ihre Liebe zu <b>Mallorca<\/b> bewog sie, ihren Wohnsitz auf eine Finca im\u00a0 Herzen der Baleareninsel zu verlegen.<\/p>\n<p style=\"text-align: justify;\">Das Immobilienb\u00fcro Mallorca Realtors hat seinen Sitz in Sineu, einem idyllischen Dorf mit viel Geschichte, das nicht nur wegen seines ber\u00fchmten Marktes als Attraktion f\u00fcr Residenten und Inselbesucher gilt.<\/p>\n<p style=\"text-align: justify;\"><b>Unser Team, die Gesellschafter und Berater: <\/b><\/p>\n<p style=\"text-align: justify;\">Die Team-Mitglieder bei <b>Mallorca Realtors<\/b> verf\u00fcgen alle \u00fcber langj\u00e4hrige Erfahrungen als Unternehmer und sind sowohl dem Immobilienbusiness als auch <strong>Mallorca<\/strong> leidenschaftlich verbunden.\u00a0Sie sprechen spanisch, englisch, deutsch, franz\u00f6sisch und italienisch und verf\u00fcgen \u00fcber ausgezeichnete Ortskenntnisse auf der Insel.\u00a0M.R. kooperiert mit angesehensten Immobilienagenturen auf der ganzen Welt: <a href=\"\/es\" target=\"_blank\" rel=\"noopener noreferrer\">Spanien<\/a>, <a href=\"\/de\" target=\"_blank\" rel=\"noopener noreferrer\">Deutschland<\/a>, Italien, \u00d6sterreich, <a href=\"\/en\" target=\"_blank\" rel=\"noopener noreferrer\">Gro\u00dfbritannien<\/a> und <a href=\"\/ru\" target=\"_blank\" rel=\"noopener noreferrer\">Russland<\/a>.<\/p>\n<p style=\"text-align: justify;\">M.R. bietet Ihnen ein Netzwerk ausgesuchter und erfahrener Fachleute rund um den Kauf und Verkauf von Immobilien: Rechtsanw\u00e4lte, Gutachter, Architekten, Innenarchitekten und Interior-Designer, Landschaftsarchitekten, Beleuchtungsdesigner, Bauunternehmen sowie Fachhandwerker in den Bereichen Installation, Elektrik, G\u00e4rtnerei etc.<\/p>\n<p style=\"text-align: justify;\">Senden Sie uns doch einfach eine Email mit Ihren W\u00fcnschen oder rufen Sie uns an \u2013 wir unterst\u00fctzen Sie gerne.<\/p>\n<p><\/p>","protected":false},"excerpt":{"rendered":"<p>Unternehmen, Luxusimmobilien und Liebe zu Mallorca: Noemi Estrada ist die Gr\u00fcnderin, Hauptanteilseignerin und Gesch\u00e4ftsf\u00fchrerin von Mallorca Realtors. Nach dem Studienabschluss in Unternehmensf\u00fchrung und \u2013verwaltung an der Ram\u00f3n-Llull-Universit\u00e4t in Barcelona f\u00fchrte sie 15 Jahre ihre eigene Firma, ein Familienunternehmen, das sie nach erfolgreichem Wachstum schlie\u00dflich verkaufte. In diesem Moment entschied sie sich, im Bereich Exklusivimmobilien unternehmerisch [&hellip;]<\/p>\n","protected":false},"author":1,"featured_media":0,"parent":0,"menu_order":0,"comment_status":"open","ping_status":"open","template":"template-about-us.php","meta":{"_acf_changed":false,"_joinchat":[],"footnotes":""},"class_list":["post-663","page","type-page","status-publish","hentry"],"acf":[],"aioseo_notices":[],"_links":{"self":[{"href":"https:\/\/mallorcarealtors.com\/de\/wp-json\/wp\/v2\/pages\/663","targetHints":{"allow":["GET"]}}],"collection":[{"href":"https:\/\/mallorcarealtors.com\/de\/wp-json\/wp\/v2\/pages"}],"about":[{"href":"https:\/\/mallorcarealtors.com\/de\/wp-json\/wp\/v2\/types\/page"}],"author":[{"embeddable":true,"href":"https:\/\/mallorcarealtors.com\/de\/wp-json\/wp\/v2\/users\/1"}],"replies":[{"embeddable":true,"href":"https:\/\/mallorcarealtors.com\/de\/wp-json\/wp\/v2\/comments?post=663"}],"version-history":[{"count":29,"href":"https:\/\/mallorcarealtors.com\/de\/wp-json\/wp\/v2\/pages\/663\/revisions"}],"predecessor-version":[{"id":15213,"href":"https:\/\/mallorcarealtors.com\/de\/wp-json\/wp\/v2\/pages\/663\/revisions\/15213"}],"wp:attachment":[{"href":"https:\/\/mallorcarealtors.com\/de\/wp-json\/wp\/v2\/media?parent=663"}],"curies":[{"name":"wp","href":"https:\/\/api.w.org\/{rel}","templated":true}]}}