{"id":6338,"date":"2012-10-09T09:25:13","date_gmt":"2012-10-09T08:25:13","guid":{"rendered":"http:\/\/www.mallorcarealtors.com\/?page_id=6338"},"modified":"2012-10-09T09:25:13","modified_gmt":"2012-10-09T08:25:13","slug":"featured-properties-in-italy","status":"publish","type":"page","link":"https:\/\/mallorcarealtors.com\/de\/featured-properties-in-italy\/","title":{"rendered":"Featured properties in Italy"},"content":{"rendered":"<p>Mallorca Realtors pr\u00e4sentiert Ihnen <strong>exklusive Villen, Pal\u00e4ste<\/strong>, Residenzen, Landh\u00e4user, <strong>Weing\u00e4rten<\/strong> und <strong>Luxusimmobilien<\/strong> in Italien.<\/p>","protected":false},"excerpt":{"rendered":"<p>Mallorca Realtors pr\u00e4sentiert Ihnen exklusive Villen, Pal\u00e4ste, Residenzen, Landh\u00e4user, Weing\u00e4rten und Luxusimmobilien in Italien.<\/p>\n","protected":false},"author":3,"featured_media":6339,"parent":0,"menu_order":0,"comment_status":"closed","ping_status":"open","template":"","meta":{"_acf_changed":false,"_joinchat":[],"footnotes":""},"class_list":["post-6338","page","type-page","status-publish","has-post-thumbnail","hentry"],"acf":[],"aioseo_notices":[],"_links":{"self":[{"href":"https:\/\/mallorcarealtors.com\/de\/wp-json\/wp\/v2\/pages\/6338","targetHints":{"allow":["GET"]}}],"collection":[{"href":"https:\/\/mallorcarealtors.com\/de\/wp-json\/wp\/v2\/pages"}],"about":[{"href":"https:\/\/mallorcarealtors.com\/de\/wp-json\/wp\/v2\/types\/page"}],"author":[{"embeddable":true,"href":"https:\/\/mallorcarealtors.com\/de\/wp-json\/wp\/v2\/users\/3"}],"replies":[{"embeddable":true,"href":"https:\/\/mallorcarealtors.com\/de\/wp-json\/wp\/v2\/comments?post=6338"}],"version-history":[{"count":0,"href":"https:\/\/mallorcarealtors.com\/de\/wp-json\/wp\/v2\/pages\/6338\/revisions"}],"wp:featuredmedia":[{"embeddable":true,"href":"https:\/\/mallorcarealtors.com\/de\/wp-json\/"}],"wp:attachment":[{"href":"https:\/\/mallorcarealtors.com\/de\/wp-json\/wp\/v2\/media?parent=6338"}],"curies":[{"name":"wp","href":"https:\/\/api.w.org\/{rel}","templated":true}]}}