{"id":11716,"date":"2017-01-18T14:14:26","date_gmt":"2017-01-18T14:14:26","guid":{"rendered":"http:\/\/www.mallorcarealtors.com\/?page_id=11716"},"modified":"2023-04-19T12:00:53","modified_gmt":"2023-04-19T12:00:53","slug":"financing-your-property","status":"publish","type":"page","link":"https:\/\/mallorcarealtors.com\/de\/financing-your-property\/","title":{"rendered":"Finanzierung Ihrer Immobilie"},"content":{"rendered":"<p>In dem Hypothekenmarkt gibt es viele Angebote und in einigen F\u00e4llen ist es schwierig, abzuw\u00e4gen wie und wo das Beste f\u00fcr uns zufinden ist. Eine gute Auswahl zu treffen wird f\u00fcr unsere finanzielle Zukunft von entscheidender Bedeutung sein. Der Markt ver\u00e4ndert sich im Hinblick auf Formeln und Zinss\u00e4tzen.<br \/>\n<img loading=\"lazy\" decoding=\"async\" class=\"aligncenter wp-image-11728 size-full\" src=\"https:\/\/mallorcarealtors.com\/wp-content\/uploads\/2017\/01\/iStock-466066885.jpeg\" alt=\"iStock-466066885\" width=\"640\" height=\"427\" srcset=\"https:\/\/mallorcarealtors.com\/wp-content\/uploads\/2017\/01\/iStock-466066885.jpeg 640w, https:\/\/mallorcarealtors.com\/wp-content\/uploads\/2017\/01\/iStock-466066885-375x250.jpeg 375w\" sizes=\"auto, (max-width: 640px) 100vw, 640px\" \/><\/p>\n<h3>Mortgage Direct<\/h3>\n<p>Mallorca Realtors arbeitet mit Mortgage Direct, einem unabh\u00e4ngigen Hypothekenmakler der auf eine langj\u00e4hrige Erfahrung im Umgang mit den wichtigsten spanischen und ausl\u00e4ndischen Finanzinstituten zur\u00fcckblicken kann, zusammen. Ein qualifiziertes Team, das in mehreren Sprachen kommunizieren kann. Die Partner und Direktoren: Katherine Walkadine und Kevin Monger sind zwei seri\u00f6se Makler, die Sie bei der Auswahl der besten Option f\u00fcr Sie beraten k\u00f6nnen. Sie k\u00f6nnen Ihnen ein pers\u00f6nliches und exklusives Angebot unterbreiten, dass sich innerhalb von 48 Stunden an Ihre Bed\u00fcrfnisse anpasst.<br \/>\nWenn Sie weitere Informationen w\u00fcnschen, <u><a href=\"https:\/\/mortgagedirectsl.com\/noemie\/30\" target=\"_blank\" rel=\"noopener\">besuchen Sie bitte die Webseite Mortgage Direct<\/a><\/u> oder rufen Sie sie per Telefon an:.+34 963 156 011.<\/p>\n<p>&nbsp;<\/p>","protected":false},"excerpt":{"rendered":"<p>In dem Hypothekenmarkt gibt es viele Angebote und in einigen F\u00e4llen ist es schwierig, abzuw\u00e4gen wie und wo das Beste f\u00fcr uns zufinden ist. Eine gute Auswahl zu treffen wird f\u00fcr unsere finanzielle Zukunft von entscheidender Bedeutung sein. Der Markt ver\u00e4ndert sich im Hinblick auf Formeln und Zinss\u00e4tzen. Mortgage Direct Mallorca Realtors arbeitet mit Mortgage [&hellip;]<\/p>\n","protected":false},"author":1,"featured_media":15273,"parent":0,"menu_order":0,"comment_status":"closed","ping_status":"closed","template":"","meta":{"_acf_changed":false,"_joinchat":[],"footnotes":""},"class_list":["post-11716","page","type-page","status-publish","has-post-thumbnail","hentry"],"acf":[],"aioseo_notices":[],"_links":{"self":[{"href":"https:\/\/mallorcarealtors.com\/de\/wp-json\/wp\/v2\/pages\/11716","targetHints":{"allow":["GET"]}}],"collection":[{"href":"https:\/\/mallorcarealtors.com\/de\/wp-json\/wp\/v2\/pages"}],"about":[{"href":"https:\/\/mallorcarealtors.com\/de\/wp-json\/wp\/v2\/types\/page"}],"author":[{"embeddable":true,"href":"https:\/\/mallorcarealtors.com\/de\/wp-json\/wp\/v2\/users\/1"}],"replies":[{"embeddable":true,"href":"https:\/\/mallorcarealtors.com\/de\/wp-json\/wp\/v2\/comments?post=11716"}],"version-history":[{"count":16,"href":"https:\/\/mallorcarealtors.com\/de\/wp-json\/wp\/v2\/pages\/11716\/revisions"}],"predecessor-version":[{"id":15209,"href":"https:\/\/mallorcarealtors.com\/de\/wp-json\/wp\/v2\/pages\/11716\/revisions\/15209"}],"wp:featuredmedia":[{"embeddable":true,"href":"https:\/\/mallorcarealtors.com\/de\/wp-json\/wp\/v2\/media\/15273"}],"wp:attachment":[{"href":"https:\/\/mallorcarealtors.com\/de\/wp-json\/wp\/v2\/media?parent=11716"}],"curies":[{"name":"wp","href":"https:\/\/api.w.org\/{rel}","templated":true}]}}